{"id":3671,"date":"2025-03-04T22:06:34","date_gmt":"2025-03-04T16:06:34","guid":{"rendered":"https:\/\/wcimt.edu.bd\/en\/?page_id=3671"},"modified":"2025-03-18T00:04:32","modified_gmt":"2025-03-17T18:04:32","slug":"strategic-aims","status":"publish","type":"page","link":"https:\/\/wcimt.edu.bd\/en\/strategic-aims\/","title":{"rendered":"Strategic Aims"},"content":{"rendered":"\t\t<div data-elementor-type=\"wp-page\" data-elementor-id=\"3671\" class=\"elementor elementor-3671\">\n\t\t\t\t<div class=\"elementor-element elementor-element-1befb36 e-flex e-con-boxed wpr-particle-no wpr-jarallax-no wpr-parallax-no wpr-sticky-section-no e-con e-parent\" data-id=\"1befb36\" data-element_type=\"container\">\n\t\t\t\t\t<div class=\"e-con-inner\">\n\t\t<div class=\"elementor-element elementor-element-5625362 e-grid e-con-full wpr-particle-no wpr-jarallax-no wpr-parallax-no wpr-sticky-section-no e-con e-child\" data-id=\"5625362\" data-element_type=\"container\">\n\t\t\t\t<div class=\"elementor-element elementor-element-025fc81 elementor-widget elementor-widget-image\" data-id=\"025fc81\" data-element_type=\"widget\" data-widget_type=\"image.default\">\n\t\t\t\t<div class=\"elementor-widget-container\">\n\t\t\t\t\t\t\t\t\t\t\t\t\t\t\t<img fetchpriority=\"high\" decoding=\"async\" width=\"546\" height=\"608\" src=\"https:\/\/wcimt.edu.bd\/en\/wp-content\/uploads\/2025\/03\/about.jpg\" class=\"attachment-large size-large wp-image-3552\" alt=\"\" \/>\t\t\t\t\t\t\t\t\t\t\t\t\t\t\t<\/div>\n\t\t\t\t<\/div>\n\t\t\t\t<div class=\"elementor-element elementor-element-1f281cd elementor-widget elementor-widget-text-editor\" data-id=\"1f281cd\" data-element_type=\"widget\" data-widget_type=\"text-editor.default\">\n\t\t\t\t<div class=\"elementor-widget-container\">\n\t\t\t\t\t\t\t\t\tIn some aspects, Bangladesh is underdeveloped, especially in Professional education \ufffdield. A dynamic step has\nbeen taken to establish a Bangladesh Study Centre af\ufffdiliated to Universidad Azteca (formerly Universidad Azteca\nde Chalco) (UA), represented by Sr. Dr. Mtro. Agustin Lopez Gonzalez Pacheco, Rector Magni\ufffdicus (Chancellor), of\nthe Universidad Azteca, a Private University with Recognition of the Of\ufffdicial Validity of Studies awarded by the\nfederal Secretary of Education (Instituci\u00f3n Particular, con Reconocimiento de Validez O\ufffdicial de Estudios (RVOE)\nante la Secretar\u00eda de Educaci\u00f3n P\u00fablica (SEP) de los Estados Unidos Mexicanos), accredited by the Federal Ministry of Education of the Republic and recognized by the Federal Government (SECRETARIA DE EDUCACION PUBLICA, SEP) to issue University Degrees, listed on the international level with the United Nations Educational, Scienti\ufffdic and Cultural Organization (UNESCO), International Association of Universities under the list of universities\nof M\u00e9xico in the International Handbook of of\ufffdicial directory of accredited universities published by the United\nNations (http:\/\/www.unesco.org\/iau).\t\t\t\t\t\t\t\t<\/div>\n\t\t\t\t<\/div>\n\t\t\t\t<\/div>\n\t\t\t\t\t<\/div>\n\t\t\t\t<\/div>\n\t\t\t\t<\/div>\n\t\t","protected":false},"excerpt":{"rendered":"<p>In some aspects, Bangladesh is underdeveloped, especially in Professional education \ufffdield. A dynamic step has been taken to establish a Bangladesh Study Centre af\ufffdiliated to Universidad Azteca (formerly Universidad Azteca de Chalco) (UA), represented by Sr. Dr. Mtro. Agustin Lopez Gonzalez Pacheco, Rector Magni\ufffdicus (Chancellor), of the Universidad Azteca, a Private University with Recognition of the Of\ufffdicial Validity of Studies awarded by the federal Secretary of Education (Instituci\u00f3n Particular, con Reconocimiento de Validez O\ufffdicial de Estudios (RVOE) ante la Secretar\u00eda de Educaci\u00f3n P\u00fablica (SEP) de los Estados Unidos Mexicanos), accredited by the Federal Ministry of Education of the Republic and recognized by the Federal Government (SECRETARIA DE EDUCACION PUBLICA, SEP) to issue University Degrees, listed on the international level with the United Nations Educational, Scienti\ufffdic and Cultural Organization (UNESCO), International Association of Universities under the list of universities of M\u00e9xico in the International Handbook of of\ufffdicial directory of accredited universities published by the United Nations (http:\/\/www.unesco.org\/iau).<\/p>\n","protected":false},"author":1,"featured_media":0,"parent":0,"menu_order":0,"comment_status":"closed","ping_status":"closed","template":"","meta":{"_acf_changed":false,"footnotes":""},"class_list":["post-3671","page","type-page","status-publish","hentry"],"acf":[],"rttpg_featured_image_url":null,"rttpg_author":{"display_name":"West Coast Institute of Management &amp; Technology","author_link":"https:\/\/wcimt.edu.bd\/en\/author\/admin\/"},"rttpg_comment":0,"rttpg_category":null,"rttpg_excerpt":"In some aspects, Bangladesh is underdeveloped, especially in Professional education \ufffdield. A dynamic step has been taken to establish a Bangladesh Study Centre af\ufffdiliated to Universidad Azteca (formerly Universidad Azteca de Chalco) (UA), represented by Sr. Dr. Mtro. Agustin Lopez Gonzalez Pacheco, Rector Magni\ufffdicus (Chancellor), of the Universidad Azteca, a Private University with Recognition of&hellip;","_links":{"self":[{"href":"https:\/\/wcimt.edu.bd\/en\/wp-json\/wp\/v2\/pages\/3671","targetHints":{"allow":["GET"]}}],"collection":[{"href":"https:\/\/wcimt.edu.bd\/en\/wp-json\/wp\/v2\/pages"}],"about":[{"href":"https:\/\/wcimt.edu.bd\/en\/wp-json\/wp\/v2\/types\/page"}],"author":[{"embeddable":true,"href":"https:\/\/wcimt.edu.bd\/en\/wp-json\/wp\/v2\/users\/1"}],"replies":[{"embeddable":true,"href":"https:\/\/wcimt.edu.bd\/en\/wp-json\/wp\/v2\/comments?post=3671"}],"version-history":[{"count":10,"href":"https:\/\/wcimt.edu.bd\/en\/wp-json\/wp\/v2\/pages\/3671\/revisions"}],"predecessor-version":[{"id":4091,"href":"https:\/\/wcimt.edu.bd\/en\/wp-json\/wp\/v2\/pages\/3671\/revisions\/4091"}],"wp:attachment":[{"href":"https:\/\/wcimt.edu.bd\/en\/wp-json\/wp\/v2\/media?parent=3671"}],"curies":[{"name":"wp","href":"https:\/\/api.w.org\/{rel}","templated":true}]}}